{"id":2231,"date":"2020-06-04T14:51:01","date_gmt":"2020-06-04T12:51:01","guid":{"rendered":"https:\/\/hotelhirzer.com\/covid\/"},"modified":"2021-05-07T08:03:31","modified_gmt":"2021-05-07T06:03:31","slug":"covid","status":"publish","type":"page","link":"https:\/\/hotelhirzer.com\/it\/covid\/","title":{"rendered":"Covid"},"content":{"rendered":"[vc_row type=&#8221;in_container&#8221; full_screen_row_position=&#8221;middle&#8221; column_margin=&#8221;default&#8221; column_direction=&#8221;default&#8221; column_direction_tablet=&#8221;default&#8221; column_direction_phone=&#8221;default&#8221; scene_position=&#8221;center&#8221; text_color=&#8221;dark&#8221; text_align=&#8221;left&#8221; row_border_radius=&#8221;none&#8221; row_border_radius_applies=&#8221;bg&#8221; overlay_strength=&#8221;0.3&#8243; gradient_direction=&#8221;left_to_right&#8221; shape_divider_position=&#8221;bottom&#8221; bg_image_animation=&#8221;none&#8221;][vc_column column_padding=&#8221;no-extra-padding&#8221; column_padding_tablet=&#8221;inherit&#8221; column_padding_phone=&#8221;inherit&#8221; column_padding_position=&#8221;all&#8221; column_element_spacing=&#8221;default&#8221; background_color_opacity=&#8221;1&#8243; background_hover_color_opacity=&#8221;1&#8243; column_shadow=&#8221;none&#8221; column_border_radius=&#8221;none&#8221; column_link_target=&#8221;_self&#8221; gradient_direction=&#8221;left_to_right&#8221; overlay_strength=&#8221;0.3&#8243; width=&#8221;1\/1&#8243; tablet_width_inherit=&#8221;default&#8221; tablet_text_alignment=&#8221;default&#8221; phone_text_alignment=&#8221;default&#8221; bg_image_animation=&#8221;none&#8221; border_type=&#8221;simple&#8221; column_border_width=&#8221;none&#8221; column_border_style=&#8221;solid&#8221;][divider line_type=&#8221;No Line&#8221; custom_height=&#8221;10&#8243;][\/vc_column][\/vc_row][vc_row type=&#8221;full_width_background&#8221; full_screen_row_position=&#8221;middle&#8221; column_margin=&#8221;default&#8221; column_direction=&#8221;default&#8221; column_direction_tablet=&#8221;default&#8221; column_direction_phone=&#8221;default&#8221; bg_color=&#8221;#f9f2e2&#8243; scene_position=&#8221;center&#8221; top_padding=&#8221;7%&#8221; bottom_padding=&#8221;7%&#8221; text_color=&#8221;dark&#8221; text_align=&#8221;left&#8221; row_border_radius=&#8221;none&#8221; row_border_radius_applies=&#8221;bg&#8221; overlay_strength=&#8221;0.3&#8243; gradient_direction=&#8221;left_to_right&#8221; shape_divider_position=&#8221;bottom&#8221; bg_image_animation=&#8221;none&#8221; shape_type=&#8221;&#8221;][vc_column column_padding=&#8221;padding-3-percent&#8221; column_padding_tablet=&#8221;inherit&#8221; column_padding_phone=&#8221;inherit&#8221; column_padding_position=&#8221;all&#8221; column_element_spacing=&#8221;default&#8221; background_color=&#8221;#f9f2e2&#8243; background_color_opacity=&#8221;1&#8243; background_hover_color_opacity=&#8221;1&#8243; column_shadow=&#8221;none&#8221; column_border_radius=&#8221;none&#8221; column_link_target=&#8221;_self&#8221; gradient_direction=&#8221;left_to_right&#8221; overlay_strength=&#8221;0.3&#8243; width=&#8221;1\/1&#8243; tablet_width_inherit=&#8221;default&#8221; tablet_text_alignment=&#8221;default&#8221; phone_text_alignment=&#8221;default&#8221; bg_image_animation=&#8221;none&#8221; border_type=&#8221;simple&#8221; column_border_width=&#8221;none&#8221; column_border_style=&#8221;solid&#8221;][vc_row_inner equal_height=&#8221;yes&#8221; content_placement=&#8221;middle&#8221; column_margin=&#8221;default&#8221; column_direction=&#8221;default&#8221; column_direction_tablet=&#8221;default&#8221; column_direction_phone=&#8221;default&#8221; text_align=&#8221;left&#8221;][vc_column_inner column_padding=&#8221;no-extra-padding&#8221; column_padding_tablet=&#8221;inherit&#8221; column_padding_phone=&#8221;inherit&#8221; column_padding_position=&#8221;all&#8221; column_element_spacing=&#8221;default&#8221; background_color_opacity=&#8221;1&#8243; background_hover_color_opacity=&#8221;1&#8243; column_shadow=&#8221;none&#8221; column_border_radius=&#8221;none&#8221; column_link_target=&#8221;_self&#8221; gradient_direction=&#8221;left_to_right&#8221; overlay_strength=&#8221;0.3&#8243; width=&#8221;1\/1&#8243; tablet_width_inherit=&#8221;default&#8221; bg_image_animation=&#8221;none&#8221; border_type=&#8221;simple&#8221; column_border_width=&#8221;none&#8221; column_border_style=&#8221;solid&#8221;][vc_custom_heading text=&#8221;Gentili ospiti&#8221; font_container=&#8221;tag:h3|text_align:left|color:%23d7b03c&#8221; use_theme_fonts=&#8221;yes&#8221; css=&#8221;.vc_custom_1589381494331{padding-bottom: 10px !important;}&#8221;][vc_column_text css_animation=&#8221;bottom-to-top&#8221; css=&#8221;.vc_custom_1620367406227{margin-top: 15px !important;}&#8221;]<strong>Apprezziamo ora molto di pi\u00f9 di prima la nostra libert\u00e0, ma anche la nostra famiglia, i nostri amici, la natura e tutto ci\u00f2 che ci fa stare bene.<\/strong><\/p>\n<p>In Alto Adige, per quanto riguarda la situazione pandemica, il semaforo \u00e8 gi\u00e0 verde. Da diversi giorni non ci sono stati tanti nuovi contagi: questo ha rappresentato la premessa che ha spinto la Giunta provinciale dell\u2019Alto Adige a decidere autonomamente di intraprendere il percorso della Fase 2, per riportare la vita ad un ulteriore passo verso la tanto agognata normalit\u00e0. Dopo l&#8217;approvazione della legge provinciale , tutte le imprese commerciali e i negozi dell&#8217;Alto Adige hanno potuto riaprire le loro porte e sono riaperti anche ristoranti, bar, caff\u00e8, parrucchieri e saloni di bellezza.<\/p>\n<p><strong>Per questo motivo noi, la famiglia Pircher, non vediamo l\u2019ora di accogliervi di nuovo all\u2019Hotel Hirzer di Saltusio, a partire dal 15 maggio 2021!<\/strong><br \/>\nOvviamente con tutta l\u2019energia, la fiducia e tutte le numerose misure anti-Covid-19 che proteggeranno voi e i nostri dipendenti. Cos\u00ec facendo, anche quest\u2019anno sar\u00e0 possibile farvi trascorrere una vacanza spensierata!<\/p>\n<p>Manterremo i nostri servizi inclusivi nel miglior modo possibile, adottando tutte le misure di sicurezza necessarie. Quest\u2019anno qualcosa non sar\u00e0 forse possibile, ma potrete godere di molte cose nonostante il Covid-19. Siamo sicuri che imparerete ad apprezzare e ad amare tutto in modo ancora pi\u00f9 consapevole.<\/p>\n<p>La vostra salute, ma anche quella dei nostri collaboratori di lunga data della valle e dei dintorni \u00e8 sempre stata la nostra priorit\u00e0 assoluta. Per questo motivo continueremo ad essere sempre a disposizione per tutte le vostre preoccupazioni.<\/p>\n<p><strong>Non vediamo l\u2019ora di vedervi!<\/strong><\/p>\n<p><strong>Cordialmente,<\/strong><br \/>\n<strong>Hanni, Rudi e tutta la famiglia Pircher con i dipendenti dell\u2019Hotel Hirzer<\/strong>[\/vc_column_text][\/vc_column_inner][\/vc_row_inner][divider line_type=&#8221;No Line&#8221; custom_height=&#8221;30&#8243;][vc_custom_heading text=&#8221;Pacchetto spensierato Hotel Hirzer ~ Prenota una vacanza senza pensieri&#8221; font_container=&#8221;tag:h3|text_align:left|color:%23d7b03c&#8221; use_theme_fonts=&#8221;yes&#8221; css=&#8221;.vc_custom_1589381456282{padding-bottom: 10px !important;}&#8221;][vc_column_text css_animation=&#8221;bottom-to-top&#8221; css=&#8221;.vc_custom_1589381587990{margin-top: 15px !important;}&#8221;]All\u2019Hotel Hirzer il relax si apprezza fin dalla prenotazione!<br \/>\nA causa della situazione attuale, abbiamo messo a punto per le vostre vacanze il nostro\u00a0<strong>Pacchetto spensierato Hotel Hirzer <\/strong>, che vi d\u00e0 diritto a cancellare o posticipare il vostro soggiorno gratuitamente 24 ore prima dell\u2019arrivo!<br \/>\nAbbiamo pensato a questo servizio per premiare la vostra fiducia.<\/p>\n[\/vc_column_text][divider line_type=&#8221;No Line&#8221; custom_height=&#8221;30&#8243;][vc_custom_heading text=&#8221;La vostra vacanza nella nostra casa nonostante Covid-19&#8243; font_container=&#8221;tag:h3|text_align:left|color:%23d7b03c&#8221; use_theme_fonts=&#8221;yes&#8221; css=&#8221;.vc_custom_1589381484734{padding-bottom: 10px !important;}&#8221;][vc_column_text css_animation=&#8221;bottom-to-top&#8221; css=&#8221;.vc_custom_1594110474172{margin-top: 15px !important;}&#8221;]La vostra vacanza nella nostra casa, nonostante Covid-19, deve essere, appunto, una vera vacanza. Con molta sicurezza e impegno da parte nostra, non daremo possibilit\u00e0 al Coronavirus di trovare posto all\u2019Hotel Hirzer!<\/p>\n<ul>\n<li><strong>L&#8217;igiene e la pulizia hanno la massima priorit\u00e0 e sono per voi la nostra garanzia di qualit\u00e0.<\/strong><br \/>\nSolo cos\u00ec potrete sentirvi completamente a vostro agio. Nel nostro Hotel Hirzer, a conduzione familiare, i padroni di casa Hanni e Rudi, collaborando e consultandosi con degli esperti, si occupano personalmente della sicurezza dei loro ospiti e dei loro fidati collaboratori locali. A tale scopo, tutte le superfici e i punti di contatto vengono disinfettati e puliti pi\u00f9 volte al giorno. In tutti gli ambienti vengono utilizzati sistemi di pulizia a vapore, ad ozono e naturalmente disinfettanti adatti.<\/li>\n<li><strong>Il nostro punto di forza: una piccola azienda a conduzione familiare con tanto spazio per tutti in tutte le aree esterne e interne! <\/strong><br \/>\nLe dimensioni gestibili del nostro hotel e il numero di ospiti relativamente ridotto consentono molti \u201cangoli appartati\u201d, soprattutto al tempo di Corona. Quasi tutti i tipi di sport sono possibili senza restrizioni, quali, ad esempio, golf, tennis e lunghi tour in bicicletta. Siamo il punto di partenza ideale per innumerevoli escursioni, sia lungo le rive del fiume Passirio che sul sentiero della roggia di Maia, nell\u2019area escursionistica Hirzer e sul Riederberg.<\/li>\n<li><strong>Ci assicuriamo che tutte le aree del nostro ristorante offrano sufficiente spazio protetto. <\/strong><br \/>\nCos\u00ec quest&#8217;anno potrete gustare i nostri deliziosi piatti con ancora pi\u00f9 intimit\u00e0. Il maggior numero possibile di piatti vi sar\u00e0 servito a tavola dal nostro fidato personale e dal padrone di casa in persona. Anche il nostro team di cucina lavora esclusivamente con guanti e maschere facciali.<\/li>\n<li><strong>La piscina all\u2019aperto dell&#8217;Hotel Hirzer sar\u00e0 aperta come di consueto.<br \/>\n<\/strong> Stando agli attuali studi scientifici, il cloro non d\u00e0 alcuna possibilit\u00e0 al corona virus, che non si pu\u00f2 neppure diffondere attraverso l&#8217;acqua della piscina bagno. Tuttavia, daremo grande importanza al corretto distanziamento tra gli ospiti. Rudi, il padrone di casa, sar\u00e0 quindi personalmente sempre pi\u00f9 coinvolto. Per il bene della nostra salute!<\/li>\n<\/ul>\n<p>&nbsp;<\/p>\n<p><strong>Approfittate della nostra atmosfera familiare, del contenuto numero di ospiti e della vasta gamma di opportunit\u00e0 sportive, ricreative e culinarie!<\/strong>[\/vc_column_text][\/vc_column][\/vc_row][vc_row type=&#8221;in_container&#8221; full_screen_row_position=&#8221;middle&#8221; column_margin=&#8221;default&#8221; column_direction=&#8221;default&#8221; column_direction_tablet=&#8221;default&#8221; column_direction_phone=&#8221;default&#8221; scene_position=&#8221;center&#8221; text_color=&#8221;dark&#8221; text_align=&#8221;left&#8221; row_border_radius=&#8221;none&#8221; row_border_radius_applies=&#8221;bg&#8221; overlay_strength=&#8221;0.3&#8243; gradient_direction=&#8221;left_to_right&#8221; shape_divider_position=&#8221;bottom&#8221; bg_image_animation=&#8221;none&#8221;][vc_column column_padding=&#8221;no-extra-padding&#8221; column_padding_tablet=&#8221;inherit&#8221; column_padding_phone=&#8221;inherit&#8221; column_padding_position=&#8221;all&#8221; column_element_spacing=&#8221;default&#8221; background_color_opacity=&#8221;1&#8243; background_hover_color_opacity=&#8221;1&#8243; column_shadow=&#8221;none&#8221; column_border_radius=&#8221;none&#8221; column_link_target=&#8221;_self&#8221; gradient_direction=&#8221;left_to_right&#8221; overlay_strength=&#8221;0.3&#8243; width=&#8221;1\/1&#8243; tablet_width_inherit=&#8221;default&#8221; tablet_text_alignment=&#8221;default&#8221; phone_text_alignment=&#8221;default&#8221; bg_image_animation=&#8221;none&#8221; border_type=&#8221;simple&#8221; column_border_width=&#8221;none&#8221; column_border_style=&#8221;solid&#8221;][divider line_type=&#8221;No Line&#8221; custom_height=&#8221;5&#8243;][\/vc_column][\/vc_row]","protected":false},"excerpt":{"rendered":"<p>[vc_row type=&#8221;in_container&#8221; full_screen_row_position=&#8221;middle&#8221; column_margin=&#8221;default&#8221; column_direction=&#8221;default&#8221; column_direction_tablet=&#8221;default&#8221; column_direction_phone=&#8221;default&#8221; scene_position=&#8221;center&#8221; text_color=&#8221;dark&#8221; text_align=&#8221;left&#8221; row_border_radius=&#8221;none&#8221; row_border_radius_applies=&#8221;bg&#8221; overlay_strength=&#8221;0.3&#8243; gradient_direction=&#8221;left_to_right&#8221; shape_divider_position=&#8221;bottom&#8221; bg_image_animation=&#8221;none&#8221;][vc_column column_padding=&#8221;no-extra-padding&#8221; column_padding_tablet=&#8221;inherit&#8221; column_padding_phone=&#8221;inherit&#8221; column_padding_position=&#8221;all&#8221; column_element_spacing=&#8221;default&#8221; background_color_opacity=&#8221;1&#8243; background_hover_color_opacity=&#8221;1&#8243; column_shadow=&#8221;none&#8221; column_border_radius=&#8221;none&#8221; column_link_target=&#8221;_self&#8221; gradient_direction=&#8221;left_to_right&#8221; overlay_strength=&#8221;0.3&#8243; width=&#8221;1\/1&#8243; tablet_width_inherit=&#8221;default&#8221;&#8230;<\/p>\n","protected":false},"author":1,"featured_media":0,"parent":0,"menu_order":90,"comment_status":"closed","ping_status":"closed","template":"","meta":{"footnotes":""},"class_list":["post-2231","page","type-page","status-publish"],"_links":{"self":[{"href":"https:\/\/hotelhirzer.com\/it\/wp-json\/wp\/v2\/pages\/2231","targetHints":{"allow":["GET"]}}],"collection":[{"href":"https:\/\/hotelhirzer.com\/it\/wp-json\/wp\/v2\/pages"}],"about":[{"href":"https:\/\/hotelhirzer.com\/it\/wp-json\/wp\/v2\/types\/page"}],"author":[{"embeddable":true,"href":"https:\/\/hotelhirzer.com\/it\/wp-json\/wp\/v2\/users\/1"}],"replies":[{"embeddable":true,"href":"https:\/\/hotelhirzer.com\/it\/wp-json\/wp\/v2\/comments?post=2231"}],"version-history":[{"count":5,"href":"https:\/\/hotelhirzer.com\/it\/wp-json\/wp\/v2\/pages\/2231\/revisions"}],"predecessor-version":[{"id":2463,"href":"https:\/\/hotelhirzer.com\/it\/wp-json\/wp\/v2\/pages\/2231\/revisions\/2463"}],"wp:attachment":[{"href":"https:\/\/hotelhirzer.com\/it\/wp-json\/wp\/v2\/media?parent=2231"}],"curies":[{"name":"wp","href":"https:\/\/api.w.org\/{rel}","templated":true}]}}