{"id":1758,"date":"2019-04-10T12:06:33","date_gmt":"2019-04-10T10:06:33","guid":{"rendered":"http:\/\/hotelhirzer.com.w018d8c1.kasserver.com\/?page_id=1758"},"modified":"2024-01-10T09:28:46","modified_gmt":"2024-01-10T08:28:46","slug":"note-legali","status":"publish","type":"page","link":"https:\/\/hotelhirzer.com\/it\/note-legali\/","title":{"rendered":"Note legali"},"content":{"rendered":"[vc_row type=&#8221;in_container&#8221; full_screen_row_position=&#8221;middle&#8221; column_margin=&#8221;default&#8221; column_direction=&#8221;default&#8221; column_direction_tablet=&#8221;default&#8221; column_direction_phone=&#8221;default&#8221; scene_position=&#8221;center&#8221; text_color=&#8221;dark&#8221; text_align=&#8221;left&#8221; row_border_radius=&#8221;none&#8221; row_border_radius_applies=&#8221;bg&#8221; overflow=&#8221;visible&#8221; overlay_strength=&#8221;0.3&#8243; gradient_direction=&#8221;left_to_right&#8221; shape_divider_position=&#8221;bottom&#8221; bg_image_animation=&#8221;none&#8221;][vc_column column_padding=&#8221;no-extra-padding&#8221; column_padding_tablet=&#8221;inherit&#8221; column_padding_phone=&#8221;inherit&#8221; column_padding_position=&#8221;all&#8221; column_element_direction_desktop=&#8221;default&#8221; column_element_spacing=&#8221;default&#8221; desktop_text_alignment=&#8221;default&#8221; tablet_text_alignment=&#8221;default&#8221; phone_text_alignment=&#8221;default&#8221; background_color_opacity=&#8221;1&#8243; background_hover_color_opacity=&#8221;1&#8243; column_backdrop_filter=&#8221;none&#8221; column_shadow=&#8221;none&#8221; column_border_radius=&#8221;none&#8221; column_link_target=&#8221;_self&#8221; column_position=&#8221;default&#8221; gradient_direction=&#8221;left_to_right&#8221; overlay_strength=&#8221;0.3&#8243; width=&#8221;1\/1&#8243; tablet_width_inherit=&#8221;default&#8221; animation_type=&#8221;default&#8221; bg_image_animation=&#8221;none&#8221; border_type=&#8221;simple&#8221; column_border_width=&#8221;none&#8221; column_border_style=&#8221;solid&#8221;][vc_column_text]\n<h1>Note legali<\/h1>\n[divider line_type=&#8221;No Line&#8221; custom_height=&#8221;30&#8243;]\n<p><strong>Proprietario e editore:<\/strong><\/p>\n<p>Hotel Hirzer<br \/>\nPircher Rudolf<br \/>\n<span class=\"LrzXr\">Via Passiria 1<\/span><br \/>\nI-39010 Saltusio<br \/>\nVal Passiria\/Alto Adige<br \/>\nItalia<br \/>\nTel. +39 0473 645428<br \/>\nFax +39 0473 645548<br \/>\n<a href=\"mailto:info@hotelhirzer.com\">info@hotelhirzer.com<\/a><br \/>\nMwSt-Nr. 00483850210<\/p>\n[divider line_type=&#8221;No Line&#8221; custom_height=&#8221;30&#8243;]\n<p><strong>Webdesign e programmazione:<\/strong><\/p>\n<p><a href=\"https:\/\/fahrner.it\/\" target=\"_blank\" rel=\"noopener noreferrer\">www.fahrner.it<\/a><\/p>\n[divider line_type=&#8221;No Line&#8221; custom_height=&#8221;30&#8243;]\n<p><strong>Photo credit<\/strong><\/p>\n<ul>\n<li>Tourismusverein Passeiertal &#8211; Othmar Seehauser\/Benjamin Pfitscher\/Peter Blaha\/Kassian Plangger\/Content Scouting<\/li>\n<li>MuseumHinterPasseier\/Hubert G\u00f6gele<\/li>\n<li>IDM S\u00fcdtirol\/Alex Filz<\/li>\n<li>Therme Meran\/Tappeiner\/Alfred Tschager\/Luca Meneghel<\/li>\n<\/ul>\n[divider line_type=&#8221;No Line&#8221; custom_height=&#8221;30&#8243;]\n<p><strong>Informazione obbligatoria<\/strong><\/p>\n<p>ai sensi del Regolamento UE n. 524\/2016 del Parlamento europeo e del Consiglio Piattaforma per la risoluzione delle controversie online dei consumatori (ODR) della Commissione europea: <a href=\"http:\/\/ec.europa.eu\/consumers\/odr\/\" target=\"_blank\" rel=\"noopener noreferrer\">http:\/\/ec.europa.eu\/consumers\/odr\/<\/a><\/p>\n[divider line_type=&#8221;No Line&#8221; custom_height=&#8221;30&#8243;]\n<p><strong>Indicazioni importanti<\/strong><\/p>\n<p>Tutte le informazioni contenute nella pagina sono protette da diritti d\u2019autore e di propriet\u00e0. L\u2019uso e la diffusione sono riservate esclusivamente ad uso personale. Ogni uso diverso deve essere consentito per iscritto. Questo riguarda soprattutto la riproduzione, traduzione, la riproduzione cinematografica, memorizzazione e diffusione mediate mezzi elettronici.<\/p>\n[divider line_type=&#8221;No Line&#8221; custom_height=&#8221;30&#8243;]\n<p><strong>Esclusione dalla responsabilit\u00e0:<\/strong><\/p>\n<p>Molti \u201elink\u201c conducono dalla pagina internet (\u201eInternetsite\u201c) a pagine esterne gestite e\/o pubblicate da esercizi esterni. Queste pagine non possono essere controllate da noi. Per questo motivo non possiamo assumerci nessuna responsabilit\u00e0 sull\u2019eventuale contenuto. Solo gli esercizi esterni sono responsabili del contenuto di dette pagine. Al momento della messa in rete della nostra pagina web non sono stati riscontrati contenuti illegali. Ci dissociamo da eventuali prese di posizioni contenute nei link esterni. Il nostro sito web viene attualizzato regolarmente. Tuttavia non possiamo garantire la piena esattezza, conformit\u00e0, legittimit\u00e0, attualit\u00e0 e completezza dei dati ivi contenuti.[\/vc_column_text][\/vc_column][\/vc_row]","protected":false},"excerpt":{"rendered":"<p>[vc_row type=&#8221;in_container&#8221; full_screen_row_position=&#8221;middle&#8221; column_margin=&#8221;default&#8221; column_direction=&#8221;default&#8221; column_direction_tablet=&#8221;default&#8221; column_direction_phone=&#8221;default&#8221; scene_position=&#8221;center&#8221; text_color=&#8221;dark&#8221; text_align=&#8221;left&#8221; row_border_radius=&#8221;none&#8221; row_border_radius_applies=&#8221;bg&#8221; overflow=&#8221;visible&#8221; overlay_strength=&#8221;0.3&#8243; gradient_direction=&#8221;left_to_right&#8221; shape_divider_position=&#8221;bottom&#8221; bg_image_animation=&#8221;none&#8221;][vc_column column_padding=&#8221;no-extra-padding&#8221; column_padding_tablet=&#8221;inherit&#8221; column_padding_phone=&#8221;inherit&#8221; column_padding_position=&#8221;all&#8221; column_element_direction_desktop=&#8221;default&#8221; column_element_spacing=&#8221;default&#8221; desktop_text_alignment=&#8221;default&#8221; tablet_text_alignment=&#8221;default&#8221; phone_text_alignment=&#8221;default&#8221; background_color_opacity=&#8221;1&#8243; background_hover_color_opacity=&#8221;1&#8243; column_backdrop_filter=&#8221;none&#8221; column_shadow=&#8221;none&#8221;&#8230;<\/p>\n","protected":false},"author":2,"featured_media":0,"parent":0,"menu_order":97,"comment_status":"closed","ping_status":"closed","template":"","meta":{"footnotes":""},"class_list":["post-1758","page","type-page","status-publish"],"_links":{"self":[{"href":"https:\/\/hotelhirzer.com\/it\/wp-json\/wp\/v2\/pages\/1758","targetHints":{"allow":["GET"]}}],"collection":[{"href":"https:\/\/hotelhirzer.com\/it\/wp-json\/wp\/v2\/pages"}],"about":[{"href":"https:\/\/hotelhirzer.com\/it\/wp-json\/wp\/v2\/types\/page"}],"author":[{"embeddable":true,"href":"https:\/\/hotelhirzer.com\/it\/wp-json\/wp\/v2\/users\/2"}],"replies":[{"embeddable":true,"href":"https:\/\/hotelhirzer.com\/it\/wp-json\/wp\/v2\/comments?post=1758"}],"version-history":[{"count":12,"href":"https:\/\/hotelhirzer.com\/it\/wp-json\/wp\/v2\/pages\/1758\/revisions"}],"predecessor-version":[{"id":3500,"href":"https:\/\/hotelhirzer.com\/it\/wp-json\/wp\/v2\/pages\/1758\/revisions\/3500"}],"wp:attachment":[{"href":"https:\/\/hotelhirzer.com\/it\/wp-json\/wp\/v2\/media?parent=1758"}],"curies":[{"name":"wp","href":"https:\/\/api.w.org\/{rel}","templated":true}]}}