{"id":1224,"date":"2018-12-09T10:09:39","date_gmt":"2018-12-09T09:09:39","guid":{"rendered":"http:\/\/hotelhirzer.com.w018d8c1.kasserver.com\/tempo-libero\/meran-umgebung\/"},"modified":"2019-05-10T09:26:53","modified_gmt":"2019-05-10T07:26:53","slug":"merano-e-dintorni","status":"publish","type":"page","link":"https:\/\/hotelhirzer.com\/it\/tempo-libero\/merano-e-dintorni\/","title":{"rendered":"Merano e dintorni"},"content":{"rendered":"[vc_row type=&#8221;in_container&#8221; full_screen_row_position=&#8221;middle&#8221; scene_position=&#8221;center&#8221; text_color=&#8221;dark&#8221; text_align=&#8221;left&#8221; overlay_strength=&#8221;0.3&#8243; shape_divider_position=&#8221;bottom&#8221; bg_image_animation=&#8221;none&#8221;][vc_column column_padding=&#8221;no-extra-padding&#8221; column_padding_position=&#8221;all&#8221; background_color_opacity=&#8221;1&#8243; background_hover_color_opacity=&#8221;1&#8243; column_link_target=&#8221;_self&#8221; column_shadow=&#8221;none&#8221; column_border_radius=&#8221;none&#8221; width=&#8221;1\/1&#8243; tablet_width_inherit=&#8221;default&#8221; tablet_text_alignment=&#8221;default&#8221; phone_text_alignment=&#8221;default&#8221; column_border_width=&#8221;none&#8221; column_border_style=&#8221;solid&#8221; bg_image_animation=&#8221;none&#8221;][divider line_type=&#8221;No Line&#8221; custom_height=&#8221;10&#8243;][\/vc_column][\/vc_row][vc_row type=&#8221;full_width_content&#8221; full_screen_row_position=&#8221;middle&#8221; equal_height=&#8221;yes&#8221; content_placement=&#8221;middle&#8221; bg_color=&#8221;#ffffff&#8221; scene_position=&#8221;center&#8221; text_color=&#8221;dark&#8221; text_align=&#8221;left&#8221; overlay_strength=&#8221;0.3&#8243; shape_divider_position=&#8221;bottom&#8221; bg_image_animation=&#8221;none&#8221;][vc_column column_padding=&#8221;padding-10-percent&#8221; column_padding_position=&#8221;all&#8221; background_color=&#8221;#f9f2e2&#8243; background_color_opacity=&#8221;1&#8243; background_hover_color_opacity=&#8221;1&#8243; column_link_target=&#8221;_self&#8221; column_shadow=&#8221;none&#8221; column_border_radius=&#8221;none&#8221; width=&#8221;1\/2&#8243; tablet_width_inherit=&#8221;default&#8221; tablet_text_alignment=&#8221;default&#8221; phone_text_alignment=&#8221;default&#8221; column_border_width=&#8221;none&#8221; column_border_style=&#8221;solid&#8221; bg_image_animation=&#8221;none&#8221;][vc_row_inner column_margin=&#8221;default&#8221; text_align=&#8221;left&#8221;][vc_column_inner column_padding=&#8221;no-extra-padding&#8221; column_padding_position=&#8221;all&#8221; background_color_opacity=&#8221;1&#8243; background_hover_color_opacity=&#8221;1&#8243; column_shadow=&#8221;none&#8221; column_border_radius=&#8221;none&#8221; column_link_target=&#8221;_self&#8221; width=&#8221;1\/1&#8243; tablet_width_inherit=&#8221;default&#8221; column_border_width=&#8221;none&#8221; column_border_style=&#8221;solid&#8221; bg_image_animation=&#8221;none&#8221; enable_animation=&#8221;true&#8221; animation=&#8221;fade-in-from-bottom&#8221;][vc_custom_heading text=&#8221;Incantevoli impressioni ricche di contrasti&#8221; font_container=&#8221;tag:h3|text_align:left|color:%23d7b03c&#8221; use_theme_fonts=&#8221;yes&#8221; css=&#8221;.vc_custom_1554455901746{padding-bottom: 20px !important;}&#8221;][vc_custom_heading text=&#8221;Merano&#8221; font_container=&#8221;tag:h1|text_align:left|color:%235f4717&#8243; use_theme_fonts=&#8221;yes&#8221;][vc_column_text css=&#8221;.vc_custom_1554456365421{padding-top: 15px !important;}&#8221;]Merano offre incantevoli impressioni ricche di contrasti: il fascino del sud, piante esotiche con i &#8220;tremila&#8221; incappucciati di neve sullo sfondo, vicoli medievali, porte e mura della citt\u00e0, edifici eleganti nel pi\u00f9 puro stile liberty, chiese ed edifici sacri di diverse confessioni, giardini e parchi grandiosi.<\/p>\n<h3>Il fascino di Merano<\/h3>\n<p>Il centro di Merano invita allo shopping sotto i portici, a tranquille passeggiate lungo il Passirio, a scoprire numerose attrazioni e angoletti nascosti. Una serie di interessanti manifestazioni, in grado di soddisfare qualsiasi gusto, completa l\u2019offerta della citt\u00e0.<\/p>\n<h3>A spasso per Merano<\/h3>\n<p>La Passeggiata d\u2019Inverno e quella d\u2019Estate sono, insieme alle Passeggiate Gilf e Tappeiner le pi belle e le pi\u00f9 famose di Merano. I sentieri lungo i quali un tempo soleva passeggiare l\u2019Imperatrice Sissi, sono ornati da piante tropicali e aiuole sgargianti. Sia in estate che in inverno l\u2019ospite trover\u00e0 un tranquillo posticino al sole sulle panchine dei parchi, per sostare e ammirare il bel panorama. Intorno alla conca di Merano corrono i caratteristici &#8220;Waalwege&#8221;, sentieri costeggiati da canali irrigui che, accanto alla loro preziosa funzione per l\u2019agricoltura, rappresentano splendidi itinerari escursionistici.<\/p>\n<h3>Merano by night<\/h3>\n<p>Immergetevi nella vita notturna della citt\u00e0 di cura quando gli ultimi raggi di sole infiammano le cime dei monti circostanti e quando l\u2019atmosfera si accende pian piano nelle invitanti luci della sera. Il Duomo illuminato e la facciata del Kurhaus &#8211; uno dei pi\u00f9 begli edifici in stile liberty nel sud delle Alpi e simbolo di Merano &#8211; sono una vera sensazione per i cuori romantici e gli amanti della notte.[\/vc_column_text][\/vc_column_inner][\/vc_row_inner][\/vc_column][vc_column column_padding=&#8221;no-extra-padding&#8221; column_padding_position=&#8221;all&#8221; background_color_opacity=&#8221;1&#8243; background_hover_color_opacity=&#8221;1&#8243; background_image=&#8221;650&#8243; enable_bg_scale=&#8221;true&#8221; column_link_target=&#8221;_self&#8221; column_shadow=&#8221;none&#8221; column_border_radius=&#8221;none&#8221; width=&#8221;1\/2&#8243; tablet_width_inherit=&#8221;default&#8221; tablet_text_alignment=&#8221;default&#8221; phone_text_alignment=&#8221;default&#8221; column_border_width=&#8221;none&#8221; column_border_style=&#8221;solid&#8221; bg_image_animation=&#8221;none&#8221;][\/vc_column][\/vc_row][vc_row type=&#8221;full_width_content&#8221; full_screen_row_position=&#8221;middle&#8221; equal_height=&#8221;yes&#8221; content_placement=&#8221;middle&#8221; scene_position=&#8221;center&#8221; text_color=&#8221;dark&#8221; text_align=&#8221;left&#8221; overlay_strength=&#8221;0.3&#8243; shape_divider_position=&#8221;bottom&#8221; bg_image_animation=&#8221;none&#8221;][vc_column column_padding=&#8221;no-extra-padding&#8221; column_padding_position=&#8221;all&#8221; background_color_opacity=&#8221;1&#8243; background_hover_color_opacity=&#8221;1&#8243; background_image=&#8221;455&#8243; enable_bg_scale=&#8221;true&#8221; column_link_target=&#8221;_self&#8221; column_shadow=&#8221;none&#8221; column_border_radius=&#8221;none&#8221; width=&#8221;1\/2&#8243; tablet_width_inherit=&#8221;default&#8221; tablet_text_alignment=&#8221;default&#8221; phone_text_alignment=&#8221;default&#8221; column_border_width=&#8221;none&#8221; column_border_style=&#8221;solid&#8221; bg_image_animation=&#8221;none&#8221;][\/vc_column][vc_column column_padding=&#8221;padding-10-percent&#8221; column_padding_position=&#8221;all&#8221; background_color=&#8221;#f9f2e2&#8243; background_color_opacity=&#8221;1&#8243; background_hover_color_opacity=&#8221;1&#8243; column_link_target=&#8221;_self&#8221; column_shadow=&#8221;none&#8221; column_border_radius=&#8221;none&#8221; width=&#8221;1\/2&#8243; tablet_width_inherit=&#8221;default&#8221; tablet_text_alignment=&#8221;default&#8221; phone_text_alignment=&#8221;default&#8221; column_border_width=&#8221;none&#8221; column_border_style=&#8221;solid&#8221; bg_image_animation=&#8221;none&#8221;][vc_row_inner column_margin=&#8221;default&#8221; text_align=&#8221;left&#8221;][vc_column_inner column_padding=&#8221;no-extra-padding&#8221; column_padding_position=&#8221;all&#8221; background_color_opacity=&#8221;1&#8243; background_hover_color_opacity=&#8221;1&#8243; column_shadow=&#8221;none&#8221; column_border_radius=&#8221;none&#8221; column_link_target=&#8221;_self&#8221; width=&#8221;1\/1&#8243; tablet_width_inherit=&#8221;default&#8221; column_border_width=&#8221;none&#8221; column_border_style=&#8221;solid&#8221; bg_image_animation=&#8221;none&#8221; enable_animation=&#8221;true&#8221; animation=&#8221;fade-in-from-bottom&#8221;][vc_custom_heading text=&#8221;Giardini e paesaggi a Merano&#8221; font_container=&#8221;tag:h3|text_align:left|color:%23d7b03c&#8221; use_theme_fonts=&#8221;yes&#8221; css=&#8221;.vc_custom_1554456170754{padding-bottom: 20px !important;}&#8221;][vc_custom_heading text=&#8221;Il giardino botanico di castel Trauttmansdorff&#8221; font_container=&#8221;tag:h1|text_align:left|color:%235f4717&#8243; use_theme_fonts=&#8221;yes&#8221;][vc_column_text css=&#8221;.vc_custom_1554456115002{padding-top: 15px !important;}&#8221;]Il giardino di castel Trauttmansdorff ospita piante provenienti da tutto il mondo. Qui si possono ammirare anche tipici paesaggi rurali sudtirolesi. I sentieri si inerpicano attraverso giardini d&#8217;acqua e giardini pensili su per le pendici del monte, portando il visitatore ai giardini dei sensi e a quelli giapponesi, alla collina delle cactacee e dei succulenti, alle piantagioni meridionali di ulivi e viti.<br \/>\nL&#8217;amata meta di escursione al confine orientale della citt\u00e0 di Merano, in Alto Adige, stupisce per la variet\u00e0 delle immagini che offre. Su una superficie di 12 ettari vengono presentati oltre 80 paesaggi con piante di tutto il mondo. Unico, tra i giardini botanici in genere, il loro aspetto paesaggistico: i giardini di castel Trauttmansdorff si estendono in forma di anfiteatro naturale a terrazze, su un dislivello di oltre 100 m, aprendo ad ogni passo nuove viste panoramiche sui monti circostanti e sulla citt\u00e0 di Merano, e al contempo, molteplici prospettive di giardini esotici e mediterranei.[\/vc_column_text][\/vc_column_inner][\/vc_row_inner][\/vc_column][\/vc_row][vc_row type=&#8221;full_width_content&#8221; full_screen_row_position=&#8221;middle&#8221; equal_height=&#8221;yes&#8221; content_placement=&#8221;middle&#8221; bg_color=&#8221;#ffffff&#8221; scene_position=&#8221;center&#8221; text_color=&#8221;dark&#8221; text_align=&#8221;left&#8221; overlay_strength=&#8221;0.3&#8243; shape_divider_position=&#8221;bottom&#8221; bg_image_animation=&#8221;none&#8221;][vc_column column_padding=&#8221;padding-10-percent&#8221; column_padding_position=&#8221;all&#8221; background_color=&#8221;#f9f2e2&#8243; background_color_opacity=&#8221;1&#8243; background_hover_color_opacity=&#8221;1&#8243; column_link_target=&#8221;_self&#8221; column_shadow=&#8221;none&#8221; column_border_radius=&#8221;none&#8221; width=&#8221;1\/2&#8243; tablet_width_inherit=&#8221;default&#8221; tablet_text_alignment=&#8221;default&#8221; phone_text_alignment=&#8221;default&#8221; column_border_width=&#8221;none&#8221; column_border_style=&#8221;solid&#8221; bg_image_animation=&#8221;none&#8221;][vc_row_inner column_margin=&#8221;default&#8221; text_align=&#8221;left&#8221;][vc_column_inner column_padding=&#8221;no-extra-padding&#8221; column_padding_position=&#8221;all&#8221; background_color_opacity=&#8221;1&#8243; background_hover_color_opacity=&#8221;1&#8243; column_shadow=&#8221;none&#8221; column_border_radius=&#8221;none&#8221; column_link_target=&#8221;_self&#8221; width=&#8221;1\/1&#8243; tablet_width_inherit=&#8221;default&#8221; column_border_width=&#8221;none&#8221; column_border_style=&#8221;solid&#8221; bg_image_animation=&#8221;none&#8221; enable_animation=&#8221;true&#8221; animation=&#8221;fade-in-from-bottom&#8221;][vc_custom_heading text=&#8221;Il Touriseum: un divertente museo \u201cvivo\u201d&#8221; font_container=&#8221;tag:h3|text_align:left|color:%23d7b03c&#8221; use_theme_fonts=&#8221;yes&#8221; css=&#8221;.vc_custom_1554456288533{padding-bottom: 20px !important;}&#8221;][vc_custom_heading text=&#8221;Castello Trauttmansdorff e Touriseum&#8221; font_container=&#8221;tag:h1|text_align:left|color:%235f4717&#8243; use_theme_fonts=&#8221;yes&#8221;][vc_column_text css=&#8221;.vc_custom_1554456244593{padding-top: 15px !important;}&#8221;]Al centro dei giardini troneggia il castello Trauttmansdorff. La residenza signorile che vanta una storia di 700 anni, fu residenza dell&#8217;imperatrice Elisabetta d&#8217;Austria in occasione di un periodo di cure invernali. Dal 2003, il castello ospita il museo provinciale del turismo altoatesino, detto Touriseum. Dal 2008 sono visitabili gli ambienti del castello che ospita una mostra permanente suoi soggiorni dell&#8217;Imperatrice a Merano e al castello Trauttmansdorff. L&#8217;aspetto dei giardini muta ogni settimana. La primavera fa il suo ingresso con un mare di tulipani, seguiti da rododendri, peonie e rose. L&#8217;estate risplende dei colori intensi della lavanda, del fior di loto e delle ninfee. La stagione dei frutti saporiti tuffa i giardini nelle tinte sgargianti dell&#8217;autunno. Events &#8211; Notti romantiche con World Music di gran classe, una prima colazione da Sissi, esotici cocktails floreali e quant&#8217;altro.[\/vc_column_text][\/vc_column_inner][\/vc_row_inner][\/vc_column][vc_column column_padding=&#8221;no-extra-padding&#8221; column_padding_position=&#8221;all&#8221; background_color_opacity=&#8221;1&#8243; background_hover_color_opacity=&#8221;1&#8243; background_image=&#8221;454&#8243; enable_bg_scale=&#8221;true&#8221; column_link_target=&#8221;_self&#8221; column_shadow=&#8221;none&#8221; column_border_radius=&#8221;none&#8221; width=&#8221;1\/2&#8243; tablet_width_inherit=&#8221;default&#8221; tablet_text_alignment=&#8221;default&#8221; phone_text_alignment=&#8221;default&#8221; column_border_width=&#8221;none&#8221; column_border_style=&#8221;solid&#8221; bg_image_animation=&#8221;none&#8221;][\/vc_column][\/vc_row][vc_row type=&#8221;full_width_content&#8221; full_screen_row_position=&#8221;middle&#8221; equal_height=&#8221;yes&#8221; content_placement=&#8221;middle&#8221; scene_position=&#8221;center&#8221; text_color=&#8221;dark&#8221; text_align=&#8221;left&#8221; overlay_strength=&#8221;0.3&#8243; shape_divider_position=&#8221;bottom&#8221; bg_image_animation=&#8221;none&#8221;][vc_column column_padding=&#8221;no-extra-padding&#8221; column_padding_position=&#8221;all&#8221; background_color_opacity=&#8221;1&#8243; background_hover_color_opacity=&#8221;1&#8243; background_image=&#8221;655&#8243; enable_bg_scale=&#8221;true&#8221; column_link_target=&#8221;_self&#8221; column_shadow=&#8221;none&#8221; column_border_radius=&#8221;none&#8221; width=&#8221;1\/2&#8243; tablet_width_inherit=&#8221;default&#8221; tablet_text_alignment=&#8221;default&#8221; phone_text_alignment=&#8221;default&#8221; column_border_width=&#8221;none&#8221; column_border_style=&#8221;solid&#8221; bg_image_animation=&#8221;none&#8221;][\/vc_column][vc_column column_padding=&#8221;padding-10-percent&#8221; column_padding_position=&#8221;all&#8221; background_color=&#8221;#f9f2e2&#8243; background_color_opacity=&#8221;1&#8243; background_hover_color_opacity=&#8221;1&#8243; column_link_target=&#8221;_self&#8221; column_shadow=&#8221;none&#8221; column_border_radius=&#8221;none&#8221; width=&#8221;1\/2&#8243; tablet_width_inherit=&#8221;default&#8221; tablet_text_alignment=&#8221;default&#8221; phone_text_alignment=&#8221;default&#8221; column_border_width=&#8221;none&#8221; column_border_style=&#8221;solid&#8221; bg_image_animation=&#8221;none&#8221;][vc_row_inner column_margin=&#8221;default&#8221; text_align=&#8221;left&#8221;][vc_column_inner column_padding=&#8221;no-extra-padding&#8221; column_padding_position=&#8221;all&#8221; background_color_opacity=&#8221;1&#8243; background_hover_color_opacity=&#8221;1&#8243; column_shadow=&#8221;none&#8221; column_border_radius=&#8221;none&#8221; column_link_target=&#8221;_self&#8221; width=&#8221;1\/1&#8243; tablet_width_inherit=&#8221;default&#8221; column_border_width=&#8221;none&#8221; column_border_style=&#8221;solid&#8221; bg_image_animation=&#8221;none&#8221; enable_animation=&#8221;true&#8221; animation=&#8221;fade-in-from-bottom&#8221;][vc_custom_heading text=&#8221;Lago di Garda, Venezia, Dolomiti, Arena di Verona ecc.&#8221; font_container=&#8221;tag:h3|text_align:left|color:%23d7b03c&#8221; use_theme_fonts=&#8221;yes&#8221; css=&#8221;.vc_custom_1557473195695{padding-bottom: 20px !important;}&#8221;][vc_custom_heading text=&#8221;Escursioni &amp; gite di un giorno&#8221; font_container=&#8221;tag:h1|text_align:left|color:%235f4717&#8243; use_theme_fonts=&#8221;yes&#8221;][vc_column_text css=&#8221;.vc_custom_1557473210991{padding-top: 15px !important;}&#8221;]Non manchiamo di farvi esplorare anche i dintorni pi\u00f9 vicini e lontani. La nostra agenzia di viaggi partner Martin Reisen organizza, pi\u00f9 volte durante la settimana, escursioni giornaliere verso le pi\u00f9 belle destinazioni, gli eventi e le citt\u00e0 dell&#8217;Alto Adige e del Nord Italia. Saremo lieti di aiutarvi con la prenotazione.[\/vc_column_text][\/vc_column_inner][\/vc_row_inner][\/vc_column][\/vc_row][vc_row type=&#8221;in_container&#8221; full_screen_row_position=&#8221;middle&#8221; scene_position=&#8221;center&#8221; text_color=&#8221;dark&#8221; text_align=&#8221;left&#8221; overlay_strength=&#8221;0.3&#8243; shape_divider_position=&#8221;bottom&#8221; bg_image_animation=&#8221;none&#8221;][vc_column column_padding=&#8221;no-extra-padding&#8221; column_padding_position=&#8221;all&#8221; background_color_opacity=&#8221;1&#8243; background_hover_color_opacity=&#8221;1&#8243; column_link_target=&#8221;_self&#8221; column_shadow=&#8221;none&#8221; column_border_radius=&#8221;none&#8221; width=&#8221;1\/1&#8243; tablet_width_inherit=&#8221;default&#8221; tablet_text_alignment=&#8221;default&#8221; phone_text_alignment=&#8221;default&#8221; column_border_width=&#8221;none&#8221; column_border_style=&#8221;solid&#8221; bg_image_animation=&#8221;none&#8221;][divider line_type=&#8221;No Line&#8221; custom_height=&#8221;5&#8243;][\/vc_column][\/vc_row]","protected":false},"excerpt":{"rendered":"<p>[vc_row type=&#8221;in_container&#8221; full_screen_row_position=&#8221;middle&#8221; scene_position=&#8221;center&#8221; text_color=&#8221;dark&#8221; text_align=&#8221;left&#8221; overlay_strength=&#8221;0.3&#8243; shape_divider_position=&#8221;bottom&#8221; bg_image_animation=&#8221;none&#8221;][vc_column column_padding=&#8221;no-extra-padding&#8221; column_padding_position=&#8221;all&#8221; background_color_opacity=&#8221;1&#8243; background_hover_color_opacity=&#8221;1&#8243; column_link_target=&#8221;_self&#8221; column_shadow=&#8221;none&#8221; column_border_radius=&#8221;none&#8221; width=&#8221;1\/1&#8243; tablet_width_inherit=&#8221;default&#8221; tablet_text_alignment=&#8221;default&#8221; phone_text_alignment=&#8221;default&#8221; column_border_width=&#8221;none&#8221; column_border_style=&#8221;solid&#8221; bg_image_animation=&#8221;none&#8221;][divider line_type=&#8221;No Line&#8221; custom_height=&#8221;10&#8243;][\/vc_column][\/vc_row][vc_row type=&#8221;full_width_content&#8221; full_screen_row_position=&#8221;middle&#8221; equal_height=&#8221;yes&#8221; content_placement=&#8221;middle&#8221;&#8230;<\/p>\n","protected":false},"author":2,"featured_media":0,"parent":1186,"menu_order":5,"comment_status":"closed","ping_status":"closed","template":"","meta":{"footnotes":""},"class_list":["post-1224","page","type-page","status-publish"],"_links":{"self":[{"href":"https:\/\/hotelhirzer.com\/it\/wp-json\/wp\/v2\/pages\/1224","targetHints":{"allow":["GET"]}}],"collection":[{"href":"https:\/\/hotelhirzer.com\/it\/wp-json\/wp\/v2\/pages"}],"about":[{"href":"https:\/\/hotelhirzer.com\/it\/wp-json\/wp\/v2\/types\/page"}],"author":[{"embeddable":true,"href":"https:\/\/hotelhirzer.com\/it\/wp-json\/wp\/v2\/users\/2"}],"replies":[{"embeddable":true,"href":"https:\/\/hotelhirzer.com\/it\/wp-json\/wp\/v2\/comments?post=1224"}],"version-history":[{"count":7,"href":"https:\/\/hotelhirzer.com\/it\/wp-json\/wp\/v2\/pages\/1224\/revisions"}],"predecessor-version":[{"id":1875,"href":"https:\/\/hotelhirzer.com\/it\/wp-json\/wp\/v2\/pages\/1224\/revisions\/1875"}],"up":[{"embeddable":true,"href":"https:\/\/hotelhirzer.com\/it\/wp-json\/wp\/v2\/pages\/1186"}],"wp:attachment":[{"href":"https:\/\/hotelhirzer.com\/it\/wp-json\/wp\/v2\/media?parent=1224"}],"curies":[{"name":"wp","href":"https:\/\/api.w.org\/{rel}","templated":true}]}}